{"id":973,"date":"2024-08-22T08:45:28","date_gmt":"2024-08-22T08:45:28","guid":{"rendered":"https:\/\/incontextconsultancy.com?page_id=973"},"modified":"2024-09-16T18:18:54","modified_gmt":"2024-09-16T18:18:54","slug":"industriele-goederen-en-diensten","status":"publish","type":"page","link":"https:\/\/incontextconsultancy.com\/nl\/your-industry\/industrial-goods-and-services\/","title":{"rendered":"Industri\u00eble goederen en diensten"},"content":{"rendered":"<section class=\"header\">\n\n\t<div class=\"img-box\"><img decoding=\"async\" src=\"https:\/\/incontextconsultancy.com\/wp-content\/uploads\/2024\/08\/cc2.png\" alt=\"Industri\u00eble goederen en diensten\" loading=\"lazy\" \/><\/div>    <div class=\"grid-container\">\n        <div class=\"header-inner\" data-aos=\"fade-up\">\n\t\t\t        <div class=\"breadcrumbs\" typeof=\"Breadcrumblist\" vocab=\"https:\/\/schema.org\">\n\t\t\t<span property=\"itemListElement\" typeof=\"ListItem\"><a property=\"item\" typeof=\"WebPage\" title=\"Ga naar InContext Consultancy Group.\" href=\"https:\/\/incontextconsultancy.com\/nl\/\" class=\"home\" aria-current=\"page\"><span property=\"name\">InContext Consultancy Group<\/span><\/a><meta property=\"position\" content=\"1\"><\/span>        <\/div>\n\t\t<h1 >Industri\u00eble goederen en diensten<\/h1>            <div class=\"btn-container\">\n                            <\/div>\n        <\/div>\n    <\/div>\n<\/section>\n\n\n\n\n\n\n<section class=\"has-background text-only left\"  data-aos=\"fade-up\" data-aos-delay=\"100\">\n\t    <div class=\"grid-container\">\n\t\t        <div class=\"grid-x grid-margin-x grid-margin-y\">\n\t\t\t                <div class=\"cell large-offset-1 large-8\">\n                    <div class=\"text cta-block\">\n\t\t\t\t\t\t<h2 >Uitdagingen in de branche<\/h2><p>In de robuuste wereld van industri\u00eble goederen en diensten zijn innovatie en effici\u00ebntie de belangrijkste drijfveren voor succes. De industri\u00eble sector wordt gekenmerkt door snelle technologische ontwikkelingen, complexe supply chains en veranderende markteisen. Wij begrijpen de unieke uitdagingen en kansen die deze sector met zich meebrengt. We erkennen dat het effectief aanpakken van deze uitdagingen een strategische aanpak vereist. Hierbij maken we gebruik van technologie en investeren we in talent en duurzaamheidsinitiatieven om het succes op lange termijn in de sector industri\u00eble goederen en diensten te stimuleren<\/p>\n                        <div class=\"btn-container\">\n\t\t                                            <\/div>\n                    <\/div>\n                <\/div>\n\t\t\t\n\t\t\t        <\/div>\n\t\t    <\/div>\n<\/section>\n\n\n<section class=\"text-media full-screen right\" >\n            <div class=\"grid-x\">\n            <div data-aos=\"fade-up\" data-aos-delay=\"100\" class=\"cell large-6 small-order-2\">\n                <div class=\"text\">\n\t\t\t\t\t<h2 >Hoe we kunnen helpen<\/h2><p><span style=\"font-weight: 400;\">Wij ondersteunen organisaties op het gebied van industri\u00eble goederen en diensten, zoals Accell Group en OI, met op maat gemaakte oplossingen gericht op leiderschapsontwikkeling, operational excellence en strategische transformatie. Door middel van geavanceerde simulaties, meeslepende trainingsprogramma's en strategisch advies helpen wij onze klanten hun activiteiten te optimaliseren en hun bedrijfsdoelstellingen te behalen.<\/span><\/p>\n<p><span style=\"font-weight: 400;\">Of u nu uw productieprocessen wilt stroomlijnen, de effici\u00ebntie van de supply chain wilt verbeteren of digitale transformatie wilt stimuleren, ons team van ervaren consultants staat klaar om uw organisatie te ondersteunen.<\/span><\/p>\n<p><span style=\"font-weight: 400;\">Ontdek hoe we samen met u vorm kunnen geven aan de toekomst en hoe wij daarin kunnen ondersteunen.<\/span><\/p>\n<p>&nbsp;<\/p>\n\n                    <div class=\"btn-container\">\n\t\t                        <a class=\"btn\" href=\"https:\/\/incontextconsultancy.com\/nl\/neem-contact-op-met\/\" target=\"_self\">\n\t\t\t<span>Neem contact op<\/span>\n        <\/a>\n\t\t                    <\/div>\n\n                <\/div>\n            <\/div>\n            <div  data-aos=\"fade-up\"  class=\"cell small-order-1 large-6 large-order-2\">\n\t            \n                    <div class=\"img-box\">\n\t\t\t            <img decoding=\"async\" src=\"https:\/\/incontextconsultancy.com\/wp-content\/uploads\/2024\/08\/zzz3.png\" alt=\"Hoe we kunnen helpen\" loading=\"lazy\" \/>\n\t\t\t                                <\/div>\n\t\t                        <\/div>\n        <\/div>\n\t<\/section>\n\n\n\n<section class=\"has-background grid\" >\n          <div class=\"grid-container\">\n           <div class=\"grid-x grid-margin-y grid-margin-x\">\n               <div class=\"cell large-9\">\n                   <div class=\"intro\">\n\t\t\t\t\t   <h2 >Hoe we onze stempel hebben achtergelaten<\/h2>\t\t\t\t\t   <p >Hier vindt u projecten die laten zien welke oplossingen we hebben geleverd voor klanten in de sector industri\u00eble goederen en diensten.<\/p>                   <\/div>\n               <\/div>\n               <div class=\"cell large-3\"><\/div>\n           <\/div>\n       <\/div>\n    \n        <div class=\"grid-container\">\n\t\t\n        <div class=\"grid-x grid-margin-x grid-margin-y\">\n\t\t\t                    <div class=\"cell large-6\">\n\t\t\t\t\t\t<article class=\"case-card\">\n    <div class=\"case-card--img-box\">\n\t    <img decoding=\"async\" width=\"1600\" height=\"800\" src=\"https:\/\/incontextconsultancy.com\/wp-content\/uploads\/2024\/09\/collab-media-J44IFITaUYg-unsplash-1600x800.jpg\" class=\"attachment-trsn-large size-trsn-large wp-post-image\" alt=\"\" \/>        <div class=\"case-card--inner\">\n\t\t    <h3>Manufacturer<\/h3><p>Leiderschapsprogramma voor een gerenommeerde fabrikant van high-end compressoren.<\/p>            <a class=\"btn-link\" href=\"https:\/\/incontextconsultancy.com\/nl\/case\/manufacturer\/\" target=\"_self\">\n\t\t\t    <span>Lees over de zaak<\/span>\n            <\/a>\n        <\/div>\n    <\/div>\n\n    <a href=\"https:\/\/incontextconsultancy.com\/nl\/case\/manufacturer\/\" class=\"sr-link\">\n        <span class=\"screen-reader-text\">\n            Lees over de zaak Fabrikant        <\/span>\n    <\/a>\n<\/article>\n                    <\/div>\n\t\t\t\t\t                    <div class=\"cell large-6\">\n\t\t\t\t\t\t<article class=\"case-card\">\n    <div class=\"case-card--img-box\">\n\t    <img decoding=\"async\" width=\"900\" height=\"602\" src=\"https:\/\/incontextconsultancy.com\/wp-content\/uploads\/2024\/08\/glass.png\" class=\"attachment-trsn-large size-trsn-large wp-post-image\" alt=\"\" srcset=\"https:\/\/incontextconsultancy.com\/wp-content\/uploads\/2024\/08\/glass.png 900w, https:\/\/incontextconsultancy.com\/wp-content\/uploads\/2024\/08\/glass-300x201.png 300w, https:\/\/incontextconsultancy.com\/wp-content\/uploads\/2024\/08\/glass-768x514.png 768w\" sizes=\"(max-width: 900px) 100vw, 900px\" \/>        <div class=\"case-card--inner\">\n\t\t    <h3>Glasfabrikant O-I<\/h3><p>Deze speciale ervaring bevat een uitdagende serious game waarin deelnemers verschillende levels doorlopen en leren navigeren door verschillende uitdagingen.<\/p>            <a class=\"btn-link\" href=\"https:\/\/incontextconsultancy.com\/nl\/case\/glass-manufacturer-o-i\/\" target=\"_self\">\n\t\t\t    <span>Lees over de zaak<\/span>\n            <\/a>\n        <\/div>\n    <\/div>\n\n    <a href=\"https:\/\/incontextconsultancy.com\/nl\/case\/glass-manufacturer-o-i\/\" class=\"sr-link\">\n        <span class=\"screen-reader-text\">\n            Lees meer over de zaak Glasfabrikant O-I        <\/span>\n    <\/a>\n<\/article>\n                    <\/div>\n\t\t\t\t\t                    <div class=\"cell large-6\">\n\t\t\t\t\t\t<article class=\"case-card\">\n    <div class=\"case-card--img-box\">\n\t    <img decoding=\"async\" width=\"1600\" height=\"800\" src=\"https:\/\/incontextconsultancy.com\/wp-content\/uploads\/2024\/09\/david-dvoracek-Jv6mU2HR5M0-unsplash-1600x800.jpg\" class=\"attachment-trsn-large size-trsn-large wp-post-image\" alt=\"\" \/>        <div class=\"case-card--inner\">\n\t\t    <h3>Accell Group<\/h3><p>De productieketen optimaliseren en verbeteren om de ontwikkelingen in de markt voor te blijven.<\/p>            <a class=\"btn-link\" href=\"https:\/\/incontextconsultancy.com\/nl\/case\/accell-group\/\" target=\"_self\">\n\t\t\t    <span>Lees over de zaak<\/span>\n            <\/a>\n        <\/div>\n    <\/div>\n\n    <a href=\"https:\/\/incontextconsultancy.com\/nl\/case\/accell-group\/\" class=\"sr-link\">\n        <span class=\"screen-reader-text\">\n            Lees meer over de zaak Accell Group        <\/span>\n    <\/a>\n<\/article>\n                    <\/div>\n\t\t\t\t\t                    <div class=\"cell large-6\">\n\t\t\t\t\t\t<article class=\"case-card\">\n    <div class=\"case-card--img-box\">\n\t    <img decoding=\"async\" width=\"900\" height=\"600\" src=\"https:\/\/incontextconsultancy.com\/wp-content\/uploads\/2024\/08\/w2-1.png\" class=\"attachment-trsn-large size-trsn-large wp-post-image\" alt=\"\" srcset=\"https:\/\/incontextconsultancy.com\/wp-content\/uploads\/2024\/08\/w2-1.png 900w, https:\/\/incontextconsultancy.com\/wp-content\/uploads\/2024\/08\/w2-1-300x200.png 300w, https:\/\/incontextconsultancy.com\/wp-content\/uploads\/2024\/08\/w2-1-768x512.png 768w, https:\/\/incontextconsultancy.com\/wp-content\/uploads\/2024\/08\/w2-1-18x12.png 18w\" sizes=\"(max-width: 900px) 100vw, 900px\" \/>        <div class=\"case-card--inner\">\n\t\t    <h3>Dynamo Retail Group<\/h3><p>Een ambitieus retailbedrijf binnen de fietsenbranche, met meer dan 850 winkels verspreid over Nederland, Belgi\u00eb en Duitsland.<\/p>            <a class=\"btn-link\" href=\"https:\/\/incontextconsultancy.com\/nl\/case\/dynamo-retail-group\/\" target=\"_self\">\n\t\t\t    <span>Lees over de zaak<\/span>\n            <\/a>\n        <\/div>\n    <\/div>\n\n    <a href=\"https:\/\/incontextconsultancy.com\/nl\/case\/dynamo-retail-group\/\" class=\"sr-link\">\n        <span class=\"screen-reader-text\">\n            Lees meer over Dynamo Retail Group        <\/span>\n    <\/a>\n<\/article>\n                    <\/div>\n\t\t\t\t\t        <\/div>\n\n\t\t\n        <div class=\"btn-container\">\n\t\t\t        <a class=\"btn outline\" href=\"https:\/\/incontextconsultancy.com\/nl\/cases\/\" target=\"_self\">\n\t\t\t<span>Meer klantcases<\/span>\n        <\/a>\n\t\t        <\/div>\n\t\t    <\/div>\n<\/section>\n\n\n\n<section class=\"has-background grid\" >\n          <div class=\"grid-container\">\n           <div class=\"grid-x grid-margin-y grid-margin-x\">\n               <div class=\"cell large-9\">\n                   <div class=\"intro\">\n\t\t\t\t\t   <h2 >Kennisbank<\/h2>\t\t\t\t\t                      <\/div>\n               <\/div>\n               <div class=\"cell large-3\"><\/div>\n           <\/div>\n       <\/div>\n    \n        <div class=\"grid-container\">\n\t\t\n        <div class=\"grid-x grid-margin-x grid-margin-y\">\n\t\t\t                    <div class=\"cell large-4\">\n\t\t\t\t\t\t<article class=\"insight-card\">\n    <div class=\"insight-card--img-box\">\n\t\t<img decoding=\"async\" width=\"900\" height=\"552\" src=\"https:\/\/incontextconsultancy.com\/wp-content\/uploads\/2024\/09\/w2-11.png\" class=\"attachment-trsn-large size-trsn-large wp-post-image\" alt=\"\" srcset=\"https:\/\/incontextconsultancy.com\/wp-content\/uploads\/2024\/09\/w2-11.png 900w, https:\/\/incontextconsultancy.com\/wp-content\/uploads\/2024\/09\/w2-11-300x184.png 300w, https:\/\/incontextconsultancy.com\/wp-content\/uploads\/2024\/09\/w2-11-768x471.png 768w, https:\/\/incontextconsultancy.com\/wp-content\/uploads\/2024\/09\/w2-11-18x12.png 18w\" sizes=\"(max-width: 900px) 100vw, 900px\" \/>    <\/div>\n    <div class=\"insight-card--inner\">\n\t\t<h3>Verandering zonder weerstand<\/h3><p >Verandering is onvermijdelijk en dat geldt ook voor de natuurlijke weerstand die ermee gepaard gaat. In deze blog laten we zien hoe u weerstand kunt omzetten in een voordeel.<\/p>\n    <\/div>\n    <a href=\"https:\/\/incontextconsultancy.com\/nl\/insight\/change-without-resistance\/\" class=\"sr-link\">\n        <span class=\"screen-reader-text\">\n            Lees meer overVerandering zonder weerstand        <\/span>\n    <\/a>\n<\/article>\n                    <\/div>\n\t\t\t\t\t                    <div class=\"cell large-4\">\n\t\t\t\t\t\t<article class=\"insight-card\">\n    <div class=\"insight-card--img-box\">\n\t\t<img decoding=\"async\" width=\"900\" height=\"596\" src=\"https:\/\/incontextconsultancy.com\/wp-content\/uploads\/2024\/09\/w2-9.png\" class=\"attachment-trsn-large size-trsn-large wp-post-image\" alt=\"\" srcset=\"https:\/\/incontextconsultancy.com\/wp-content\/uploads\/2024\/09\/w2-9.png 900w, https:\/\/incontextconsultancy.com\/wp-content\/uploads\/2024\/09\/w2-9-300x199.png 300w, https:\/\/incontextconsultancy.com\/wp-content\/uploads\/2024\/09\/w2-9-768x509.png 768w, https:\/\/incontextconsultancy.com\/wp-content\/uploads\/2024\/09\/w2-9-18x12.png 18w\" sizes=\"(max-width: 900px) 100vw, 900px\" \/>    <\/div>\n    <div class=\"insight-card--inner\">\n\t\t<h3>Detox uw organisatie<\/h3><p >Deze blog gaat in op de oorzaken en gevolgen van \"ballast\" binnen een organisatie. Er wordt ook ingegaan op strategie\u00ebn om dit probleem op te lossen en de voordelen daarvan.<\/p>\n    <\/div>\n    <a href=\"https:\/\/incontextconsultancy.com\/nl\/insight\/detox-your-organisation\/\" class=\"sr-link\">\n        <span class=\"screen-reader-text\">\n            Lees meer overDetox uw organisatie        <\/span>\n    <\/a>\n<\/article>\n                    <\/div>\n\t\t\t\t\t                    <div class=\"cell large-4\">\n\t\t\t\t\t\t<article class=\"insight-card\">\n    <div class=\"insight-card--img-box\">\n\t\t<img decoding=\"async\" width=\"900\" height=\"596\" src=\"https:\/\/incontextconsultancy.com\/wp-content\/uploads\/2024\/09\/w2-21.png\" class=\"attachment-trsn-large size-trsn-large wp-post-image\" alt=\"\" srcset=\"https:\/\/incontextconsultancy.com\/wp-content\/uploads\/2024\/09\/w2-21.png 900w, https:\/\/incontextconsultancy.com\/wp-content\/uploads\/2024\/09\/w2-21-300x199.png 300w, https:\/\/incontextconsultancy.com\/wp-content\/uploads\/2024\/09\/w2-21-768x509.png 768w, https:\/\/incontextconsultancy.com\/wp-content\/uploads\/2024\/09\/w2-21-18x12.png 18w\" sizes=\"(max-width: 900px) 100vw, 900px\" \/>    <\/div>\n    <div class=\"insight-card--inner\">\n\t\t<h3>Het geheime ingredi\u00ebnt om academische vrijheid te bereiken<\/h3><p >Hoewel het bereiken van academische vrijheid misschien ontmoedigend lijkt, draait het eigenlijk om \u00e9\u00e9n fundamenteel aspect. Ontdek hier wat u moet weten.<\/p>\n    <\/div>\n    <a href=\"https:\/\/incontextconsultancy.com\/nl\/insight\/the-secret-ingredient-to-achieving-academic-freedom\/\" class=\"sr-link\">\n        <span class=\"screen-reader-text\">\n            Lees meer overHet geheime ingredi\u00ebnt om academische vrijheid te bereiken        <\/span>\n    <\/a>\n<\/article>\n                    <\/div>\n\t\t\t\t\t        <\/div>\n\n\t\t\n        <div class=\"btn-container\">\n\t\t\t        <a class=\"btn outline\" href=\"https:\/\/incontextconsultancy.com\/nl\/blogs\/\" target=\"_self\">\n\t\t\t<span>Meer insights<\/span>\n        <\/a>\n\t\t        <\/div>\n\t\t    <\/div>\n<\/section>\n\n\n<section class=\"links\" >\n    <div class=\"grid-container\">\n        <div class=\"grid-x grid-margin-x grid-margin-y\">\n            <div class=\"cell large-offset-1 large-10\">\n                <div class=\"links-container\">\n                    <div class=\"grid-x grid-margin-y grid-margin-x\">\n                        <div class=\"cell large-4\">\n\t\t\t                <h2 >Lees meer over andere branches<\/h2>                        <\/div>\n                        <div class=\"cell large-7 large-offset-1\">\n\t\t\t                                                <div class=\"links-block\">\n\t\t\t\t\t                                                        <div class=\"link\">        <a class=\"btn-link\" href=\"https:\/\/incontextconsultancy.com\/nl\/uw-branche\/ruimtevaart\/\" target=\"_self\">\n\t\t\t<span>Luchtvaart<\/span>\n        <\/a>\n\t\t<\/div>\n\t\t\t\t\t\t                                                        <div class=\"link\">        <a class=\"btn-link\" href=\"https:\/\/incontextconsultancy.com\/nl\/uw-branche\/consument-en-detailhandel\/\" target=\"_self\">\n\t\t\t<span>Retail<\/span>\n        <\/a>\n\t\t<\/div>\n\t\t\t\t\t\t                                                        <div class=\"link\">        <a class=\"btn-link\" href=\"https:\/\/incontextconsultancy.com\/nl\/uw-branche\/onderwijs\/\" target=\"_self\">\n\t\t\t<span>Onderwijs<\/span>\n        <\/a>\n\t\t<\/div>\n\t\t\t\t\t\t                                                        <div class=\"link\">        <a class=\"btn-link\" href=\"https:\/\/incontextconsultancy.com\/nl\/energie\/\" target=\"_self\">\n\t\t\t<span>Energie<\/span>\n        <\/a>\n\t\t<\/div>\n\t\t\t\t\t\t                                                        <div class=\"link\">        <a class=\"btn-link\" href=\"https:\/\/incontextconsultancy.com\/nl\/uw-branche\/financiele-diensten\/\" target=\"_self\">\n\t\t\t<span>Financi\u00eble diensten<\/span>\n        <\/a>\n\t\t<\/div>\n\t\t\t\t\t\t                                                        <div class=\"link\">        <a class=\"btn-link\" href=\"https:\/\/incontextconsultancy.com\/nl\/gezondheidszorg\/\" target=\"_self\">\n\t\t\t<span>Gezondheidszorg<\/span>\n        <\/a>\n\t\t<\/div>\n\t\t\t\t\t\t                                                        <div class=\"link\">        <a class=\"btn-link\" href=\"https:\/\/incontextconsultancy.com\/nl\/uw-branche\/professionele-diensten\/\" target=\"_self\">\n\t\t\t<span>Professionele diensten<\/span>\n        <\/a>\n\t\t<\/div>\n\t\t\t\t\t\t                                                        <div class=\"link\">        <a class=\"btn-link\" href=\"https:\/\/incontextconsultancy.com\/nl\/uw-branche\/technologie\/\" target=\"_self\">\n\t\t\t<span>Technologie<\/span>\n        <\/a>\n\t\t<\/div>\n\t\t\t\t\t\t                                                        <div class=\"link\">        <a class=\"btn-link\" href=\"https:\/\/incontextconsultancy.com\/nl\/uw-branche\/andere-industrieen\/\" target=\"_self\">\n\t\t\t<span>Andere Branches<\/span>\n        <\/a>\n\t\t<\/div>\n\t\t\t\t\t\t                                                <\/div>\n\t\t\t                                        <\/div>\n                    <\/div>\n                <\/div>\n            <\/div>\n        <\/div>\n\n\n\n    <\/div>\n<\/section>","protected":false},"excerpt":{"rendered":"","protected":false},"author":2,"featured_media":0,"parent":11,"menu_order":0,"comment_status":"closed","ping_status":"closed","template":"","meta":{"_acf_changed":false,"content-type":"","footnotes":""},"class_list":["post-973","page","type-page","status-publish","hentry"],"acf":[],"yoast_head":"<!-- This site is optimized with the Yoast SEO plugin v27.4 - https:\/\/yoast.com\/product\/yoast-seo-wordpress\/ -->\n<title>Industrial Goods and Services &#062; InContext Consultancy Group<\/title>\n<meta name=\"robots\" content=\"index, follow, max-snippet:-1, max-image-preview:large, max-video-preview:-1\" \/>\n<link rel=\"canonical\" href=\"https:\/\/incontextconsultancy.com\/nl\/uw-branche\/industriele-goederen-en-diensten\/\" \/>\n<meta property=\"og:locale\" content=\"nl_NL\" \/>\n<meta property=\"og:type\" content=\"article\" \/>\n<meta property=\"og:title\" content=\"Industrial Goods and Services &#062; InContext Consultancy Group\" \/>\n<meta property=\"og:url\" content=\"https:\/\/incontextconsultancy.com\/nl\/uw-branche\/industriele-goederen-en-diensten\/\" \/>\n<meta property=\"og:site_name\" content=\"InContext Consultancy Group\" \/>\n<meta property=\"article:publisher\" content=\"https:\/\/www.facebook.com\/incontextconsultancy\" \/>\n<meta property=\"article:modified_time\" content=\"2024-09-16T18:18:54+00:00\" \/>\n<meta name=\"twitter:card\" content=\"summary_large_image\" \/>\n<script type=\"application\/ld+json\" class=\"yoast-schema-graph\">{\"@context\":\"https:\\\/\\\/schema.org\",\"@graph\":[{\"@type\":\"WebPage\",\"@id\":\"https:\\\/\\\/incontextconsultancy.com\\\/your-industry\\\/industrial-goods-and-services\\\/\",\"url\":\"https:\\\/\\\/incontextconsultancy.com\\\/your-industry\\\/industrial-goods-and-services\\\/\",\"name\":\"Industrial Goods and Services &#062; InContext Consultancy Group\",\"isPartOf\":{\"@id\":\"https:\\\/\\\/incontextconsultancy.com\\\/#website\"},\"datePublished\":\"2024-08-22T08:45:28+00:00\",\"dateModified\":\"2024-09-16T18:18:54+00:00\",\"breadcrumb\":{\"@id\":\"https:\\\/\\\/incontextconsultancy.com\\\/your-industry\\\/industrial-goods-and-services\\\/#breadcrumb\"},\"inLanguage\":\"nl-NL\",\"potentialAction\":[{\"@type\":\"ReadAction\",\"target\":[\"https:\\\/\\\/incontextconsultancy.com\\\/your-industry\\\/industrial-goods-and-services\\\/\"]}]},{\"@type\":\"BreadcrumbList\",\"@id\":\"https:\\\/\\\/incontextconsultancy.com\\\/your-industry\\\/industrial-goods-and-services\\\/#breadcrumb\",\"itemListElement\":[{\"@type\":\"ListItem\",\"position\":1,\"name\":\"Home\",\"item\":\"https:\\\/\\\/incontextconsultancy.com\\\/\"},{\"@type\":\"ListItem\",\"position\":2,\"name\":\"Your Industry\",\"item\":\"https:\\\/\\\/incontextconsultancy.com\\\/your-industry\\\/\"},{\"@type\":\"ListItem\",\"position\":3,\"name\":\"Industrial Goods and Services\"}]},{\"@type\":\"WebSite\",\"@id\":\"https:\\\/\\\/incontextconsultancy.com\\\/#website\",\"url\":\"https:\\\/\\\/incontextconsultancy.com\\\/\",\"name\":\"InContext Consultancy Group\",\"description\":\"\",\"publisher\":{\"@id\":\"https:\\\/\\\/incontextconsultancy.com\\\/#organization\"},\"potentialAction\":[{\"@type\":\"SearchAction\",\"target\":{\"@type\":\"EntryPoint\",\"urlTemplate\":\"https:\\\/\\\/incontextconsultancy.com\\\/?s={search_term_string}\"},\"query-input\":{\"@type\":\"PropertyValueSpecification\",\"valueRequired\":true,\"valueName\":\"search_term_string\"}}],\"inLanguage\":\"nl-NL\"},{\"@type\":\"Organization\",\"@id\":\"https:\\\/\\\/incontextconsultancy.com\\\/#organization\",\"name\":\"InContext Consultancy Group\",\"alternateName\":\"InContext Consultancy\",\"url\":\"https:\\\/\\\/incontextconsultancy.com\\\/\",\"logo\":{\"@type\":\"ImageObject\",\"inLanguage\":\"nl-NL\",\"@id\":\"https:\\\/\\\/incontextconsultancy.com\\\/#\\\/schema\\\/logo\\\/image\\\/\",\"url\":\"https:\\\/\\\/incontextconsultancy.comwp-content\\\/uploads\\\/2024\\\/09\\\/InContext-Logo-Transparent.png\",\"contentUrl\":\"https:\\\/\\\/incontextconsultancy.comwp-content\\\/uploads\\\/2024\\\/09\\\/InContext-Logo-Transparent.png\",\"width\":2008,\"height\":591,\"caption\":\"InContext Consultancy Group\"},\"image\":{\"@id\":\"https:\\\/\\\/incontextconsultancy.com\\\/#\\\/schema\\\/logo\\\/image\\\/\"},\"sameAs\":[\"https:\\\/\\\/www.facebook.com\\\/incontextconsultancy\",\"https:\\\/\\\/www.linkedin.com\\\/company\\\/incontext-consultancy-group\\\/\",\"https:\\\/\\\/www.youtube.com\\\/c\\\/incontext\\\/videos\"]}]}<\/script>\n<!-- \/ Yoast SEO plugin. -->","yoast_head_json":{"title":"Industri\u00eble goederen en diensten &gt; InContext Consultancy Group","robots":{"index":"index","follow":"follow","max-snippet":"max-snippet:-1","max-image-preview":"max-image-preview:large","max-video-preview":"max-video-preview:-1"},"canonical":"https:\/\/incontextconsultancy.com\/nl\/uw-branche\/industriele-goederen-en-diensten\/","og_locale":"nl_NL","og_type":"article","og_title":"Industrial Goods and Services &#062; InContext Consultancy Group","og_url":"https:\/\/incontextconsultancy.com\/nl\/uw-branche\/industriele-goederen-en-diensten\/","og_site_name":"InContext Consultancy Group","article_publisher":"https:\/\/www.facebook.com\/incontextconsultancy","article_modified_time":"2024-09-16T18:18:54+00:00","twitter_card":"summary_large_image","schema":{"@context":"https:\/\/schema.org","@graph":[{"@type":"WebPage","@id":"https:\/\/incontextconsultancy.com\/your-industry\/industrial-goods-and-services\/","url":"https:\/\/incontextconsultancy.com\/your-industry\/industrial-goods-and-services\/","name":"Industri\u00eble goederen en diensten &gt; InContext Consultancy Group","isPartOf":{"@id":"https:\/\/incontextconsultancy.com\/#website"},"datePublished":"2024-08-22T08:45:28+00:00","dateModified":"2024-09-16T18:18:54+00:00","breadcrumb":{"@id":"https:\/\/incontextconsultancy.com\/your-industry\/industrial-goods-and-services\/#breadcrumb"},"inLanguage":"nl-NL","potentialAction":[{"@type":"ReadAction","target":["https:\/\/incontextconsultancy.com\/your-industry\/industrial-goods-and-services\/"]}]},{"@type":"BreadcrumbList","@id":"https:\/\/incontextconsultancy.com\/your-industry\/industrial-goods-and-services\/#breadcrumb","itemListElement":[{"@type":"ListItem","position":1,"name":"Home","item":"https:\/\/incontextconsultancy.com\/"},{"@type":"ListItem","position":2,"name":"Your Industry","item":"https:\/\/incontextconsultancy.com\/your-industry\/"},{"@type":"ListItem","position":3,"name":"Industrial Goods and Services"}]},{"@type":"WebSite","@id":"https:\/\/incontextconsultancy.com\/#website","url":"https:\/\/incontextconsultancy.com\/","name":"InContext Consultancy Group","description":"","publisher":{"@id":"https:\/\/incontextconsultancy.com\/#organization"},"potentialAction":[{"@type":"SearchAction","target":{"@type":"EntryPoint","urlTemplate":"https:\/\/incontextconsultancy.com\/?s={search_term_string}"},"query-input":{"@type":"PropertyValueSpecification","valueRequired":true,"valueName":"search_term_string"}}],"inLanguage":"nl-NL"},{"@type":"Organization","@id":"https:\/\/incontextconsultancy.com\/#organization","name":"InContext Consultancy Group","alternateName":"InContext Consultancy","url":"https:\/\/incontextconsultancy.com\/","logo":{"@type":"ImageObject","inLanguage":"nl-NL","@id":"https:\/\/incontextconsultancy.com\/#\/schema\/logo\/image\/","url":"https:\/\/incontextconsultancy.comwp-content\/uploads\/2024\/09\/InContext-Logo-Transparent.png","contentUrl":"https:\/\/incontextconsultancy.comwp-content\/uploads\/2024\/09\/InContext-Logo-Transparent.png","width":2008,"height":591,"caption":"InContext Consultancy Group"},"image":{"@id":"https:\/\/incontextconsultancy.com\/#\/schema\/logo\/image\/"},"sameAs":["https:\/\/www.facebook.com\/incontextconsultancy","https:\/\/www.linkedin.com\/company\/incontext-consultancy-group\/","https:\/\/www.youtube.com\/c\/incontext\/videos"]}]}},"_links":{"self":[{"href":"https:\/\/incontextconsultancy.com\/nl\/wp-json\/wp\/v2\/pages\/973","targetHints":{"allow":["GET"]}}],"collection":[{"href":"https:\/\/incontextconsultancy.com\/nl\/wp-json\/wp\/v2\/pages"}],"about":[{"href":"https:\/\/incontextconsultancy.com\/nl\/wp-json\/wp\/v2\/types\/page"}],"author":[{"embeddable":true,"href":"https:\/\/incontextconsultancy.com\/nl\/wp-json\/wp\/v2\/users\/2"}],"replies":[{"embeddable":true,"href":"https:\/\/incontextconsultancy.com\/nl\/wp-json\/wp\/v2\/comments?post=973"}],"version-history":[{"count":49,"href":"https:\/\/incontextconsultancy.com\/nl\/wp-json\/wp\/v2\/pages\/973\/revisions"}],"predecessor-version":[{"id":5432,"href":"https:\/\/incontextconsultancy.com\/nl\/wp-json\/wp\/v2\/pages\/973\/revisions\/5432"}],"up":[{"embeddable":true,"href":"https:\/\/incontextconsultancy.com\/nl\/wp-json\/wp\/v2\/pages\/11"}],"wp:attachment":[{"href":"https:\/\/incontextconsultancy.com\/nl\/wp-json\/wp\/v2\/media?parent=973"}],"curies":[{"name":"wp","href":"https:\/\/api.w.org\/{rel}","templated":true}]}}