{"id":6345,"date":"2026-02-20T14:09:09","date_gmt":"2026-02-20T14:09:09","guid":{"rendered":"https:\/\/incontextconsultancy.com\/?page_id=6345"},"modified":"2026-02-24T09:24:11","modified_gmt":"2026-02-24T09:24:11","slug":"systemic-alignment","status":"publish","type":"page","link":"https:\/\/incontextconsultancy.com\/nl\/what-we-do\/systemic-alignment\/","title":{"rendered":"Systemic alignment"},"content":{"rendered":"<section class=\"header\">\n\n\t<div class=\"img-box\"><img decoding=\"async\" src=\"https:\/\/incontextconsultancy.com\/wp-content\/uploads\/2026\/02\/anton-shuvalov-9EUwYOG3MVQ-unsplash-1600x800.jpg\" alt=\"Systemic alignment\" loading=\"lazy\" \/><\/div>    <div class=\"grid-container\">\n        <div class=\"header-inner\" data-aos=\"fade-up\">\n\t\t\t        <div class=\"breadcrumbs\" typeof=\"Breadcrumblist\" vocab=\"https:\/\/schema.org\">\n\t\t\t<span property=\"itemListElement\" typeof=\"ListItem\"><a property=\"item\" typeof=\"WebPage\" title=\"Ga naar InContext Consultancy Group.\" href=\"https:\/\/incontextconsultancy.com\/nl\/\" class=\"home\" aria-current=\"page\"><span property=\"name\">InContext Consultancy Group<\/span><\/a><meta property=\"position\" content=\"1\"><\/span>        <\/div>\n\t\t<h1 >Systemic alignment<\/h1><p class=\"intro\">Zelfs met een duidelijke strategie en helder gedefinieerde verantwoordelijkheden, hebben organisaties vaak moeite wanneer samenwerking tussen afdelingen hapert. Teams richten zich op hun eigen doelstellingen, incentives werken elkaar tegen, en besluiten die lokaal logisch lijken, veroorzaken elders wrijving. Het resultaat is vertraging, dubbel werk en gemiste kansen in de hele waardeketen. <\/p>            <div class=\"btn-container\">\n                        <a class=\"btn blue\" href=\"https:\/\/incontextconsultancy.com\/nl\/neem-contact-op-met\/\" target=\"_self\">\n\t\t\t<span>Leave your mark<\/span>\n        <\/a>\n\t\t            <\/div>\n        <\/div>\n    <\/div>\n<\/section>\n\n\n\n\n\n\n<section class=\"has-background text-only left\"  data-aos=\"fade-up\" data-aos-delay=\"100\">\n\t    <div class=\"grid-container\">\n\t\t        <div class=\"grid-x grid-margin-x grid-margin-y\">\n\t\t\t                <div class=\"cell large-offset-1 large-8\">\n                    <div class=\"text cta-block\">\n\t\t\t\t\t\t<p>Systemic Alignment richt zich op het versterken van de werking van de organisatie als geheel\nHet helpt leiders en teams inzicht te krijgen in hoe hun doelstellingen, besluiten en manier van samenwerken invloed hebben op anderen. Wanneer deze onderlinge verbanden duidelijk zijn, wordt samenwerking bewuster en verbeteren de gezamenlijke resultaten.<\/p>\n                        <div class=\"btn-container\">\n\t\t                                            <\/div>\n                    <\/div>\n                <\/div>\n\t\t\t\n\t\t\t        <\/div>\n\t\t    <\/div>\n<\/section>\n\n\n\n<section class=\"no-background text-only left\"  data-aos=\"fade-up\" data-aos-delay=\"100\">\n\t    <div class=\"grid-container\">\n\t\t        <div class=\"grid-x grid-margin-x grid-margin-y\">\n\t\t\t\n\t\t\t                <div class=\"cell  large-offset-1 large-8\">\n                    <div class=\"text text-block\">\n\t\t\t\t\t\t<h2 >Onderlinge afhankelijkheid zichtbaar maken <\/h2><p>Strategie wordt zelden door \u00e9\u00e9n team alleen gerealiseerd. Het hangt af van overdrachten, gezamenlijke processen en geco\u00f6rdineerde beslissingen tussen afdelingen en locaties. Wanneer deze onderlinge afhankelijkheden onduidelijk blijven, ontstaan spanningen en neemt de prestatie af.<\/p>\n<p>InContext brengt teams uit verschillende functies samen om end-to-end processen in kaart te brengen en echte cases te analyseren. We verduidelijken verwachtingen, beloningen en knelpunten. Door patronen in besluitvorming, informatiestromen en conflicthantering zichtbaar te maken, helpen we leiders te begrijpen waar samenwerking vooruitgang bevordert en waar aanpassingen de gezamenlijke prestaties versterken<\/p>\n\t\t\t\t\t\t                    <\/div>\n                <\/div>\n\t\t\t        <\/div>\n\t\t    <\/div>\n<\/section>\n\n\n<section class=\"text-media container right\" >\n            <div class=\"grid-container\">\n            <div class=\"grid-x\">\n            <div data-aos=\"fade-up\" data-aos-delay=\"100\" class=\"cell large-6 small-order-2\">\n                <div class=\"text\">\n\t\t\t\t\t<h2 >Samenwerking over afdelingsgrenzen heen mogelijk maken <\/h2><p>Systemic Alignment gaat niet om het harmoniseren van alles. Het draait erom dat verschillen in perspectief en expertise bijdragen aan betere resultaten in plaats van tot versnippering te leiden. Wanneer teams uitsluitend op hun eigen doelstellingen sturen zonder gedeeld inzicht in onderlinge afhankelijkheden, neemt wrijving toe en daalt de algehele prestatie.<\/p>\n<p>We ontwerpen interventies waarin leiders en teams samenwerken aan gezamenlijke strategische uitdagingen, onderlinge afhankelijkheden verduidelijken en afspraken herdefini\u00ebren. Governance-structuren, prestatiemetingen en afstemmingsprocessen worden onderzocht om te zorgen dat ze de volledige waardeketen ondersteunen in plaats van lokale optimalisatie. Naarmate verwachtingen duidelijker worden en spanningen vroegtijdig worden aangepakt, groeit vertrouwen en worden beslissingen genomen met een helder inzicht in hun bredere impact op de organisatie.<\/p>\n\n                    <div class=\"btn-container\">\n\t\t                                    <\/div>\n\n                <\/div>\n            <\/div>\n            <div  data-aos=\"fade-up\"  class=\"cell small-order-1 large-6 large-order-2\">\n\t            \n                    <div class=\"img-box\">\n\t\t\t            <img decoding=\"async\" src=\"https:\/\/incontextconsultancy.com\/wp-content\/uploads\/2026\/02\/absolutvision-82TpEld0_e4-unsplash-scaled.jpg\" alt=\"Samenwerking over afdelingsgrenzen heen mogelijk maken \" loading=\"lazy\" \/>\n\t\t\t                                <\/div>\n\t\t                        <\/div>\n        <\/div>\n\t       <\/div>\n\t<\/section>\n\n\n\n<section class=\"has-background text-only left\"  data-aos=\"fade-up\" data-aos-delay=\"100\">\n\t    <div class=\"grid-container\">\n\t\t        <div class=\"grid-x grid-margin-x grid-margin-y\">\n\t\t\t                <div class=\"cell large-offset-1 large-8\">\n                    <div class=\"text cta-block\">\n\t\t\t\t\t\t<h2 >Waarom systemic alignment belangrijk is <\/h2><p>Wanneer afstemming ontbreekt, gaat energie verloren aan afstemmingsvraagstukken en concurrerende prioriteiten. Wanneer afstemming goed is, wordt samenwerking een kracht. Teams begrijpen hoe hun werk bijdraagt aan bredere doelstellingen en passen hun acties daar op aan<\/p>\n<p>Systemic Alignment stelt organisaties in staat om als \u00e9\u00e9n ge\u00efntegreerd systeem te functioneren. Strategische prioriteiten worden over afdelingen heen ondersteund, beslissingen worden genomen met een end-to-end perspectief en de gezamenlijke prestaties verbeteren. Zo ontstaat een basis om resultaten te behalen die geen enkel team op zichzelf zou kunnen realiseren.<\/p>\n                        <div class=\"btn-container\">\n\t\t                                            <\/div>\n                    <\/div>\n                <\/div>\n\t\t\t\n\t\t\t        <\/div>\n\t\t    <\/div>\n<\/section>","protected":false},"excerpt":{"rendered":"","protected":false},"author":2,"featured_media":6372,"parent":6384,"menu_order":0,"comment_status":"closed","ping_status":"closed","template":"","meta":{"_acf_changed":false,"content-type":"","footnotes":""},"class_list":["post-6345","page","type-page","status-publish","has-post-thumbnail","hentry"],"acf":[],"yoast_head":"<!-- This site is optimized with the Yoast SEO plugin v27.3 - https:\/\/yoast.com\/product\/yoast-seo-wordpress\/ -->\n<title>Systemic Alignment &#062; InContext Consultancy Group<\/title>\n<meta name=\"description\" content=\"Our game-based learning solutions provide participants with an in-depth and interactive learning experience. Discover our experts!\" \/>\n<meta name=\"robots\" content=\"index, follow, max-snippet:-1, max-image-preview:large, max-video-preview:-1\" \/>\n<link rel=\"canonical\" href=\"https:\/\/incontextconsultancy.com\/nl\/wat-we-doen\/systemic-alignment\/\" \/>\n<meta property=\"og:locale\" content=\"nl_NL\" \/>\n<meta property=\"og:type\" content=\"article\" \/>\n<meta property=\"og:title\" content=\"Systemic Alignment &#062; InContext Consultancy Group\" \/>\n<meta property=\"og:description\" content=\"Our game-based learning solutions provide participants with an in-depth and interactive learning experience. Discover our experts!\" \/>\n<meta property=\"og:url\" content=\"https:\/\/incontextconsultancy.com\/nl\/wat-we-doen\/systemic-alignment\/\" \/>\n<meta property=\"og:site_name\" content=\"InContext Consultancy Group\" \/>\n<meta property=\"article:publisher\" content=\"https:\/\/www.facebook.com\/incontextconsultancy\" \/>\n<meta property=\"article:modified_time\" content=\"2026-02-24T09:24:11+00:00\" \/>\n<meta property=\"og:image\" content=\"https:\/\/incontextconsultancy.com\/wp-content\/uploads\/2026\/02\/anton-shuvalov-9EUwYOG3MVQ-unsplash-scaled.jpg\" \/>\n\t<meta property=\"og:image:width\" content=\"2560\" \/>\n\t<meta property=\"og:image:height\" content=\"1600\" \/>\n\t<meta property=\"og:image:type\" content=\"image\/jpeg\" \/>\n<meta name=\"twitter:card\" content=\"summary_large_image\" \/>\n<meta name=\"twitter:label1\" content=\"Geschatte leestijd\" \/>\n\t<meta name=\"twitter:data1\" content=\"1 minuut\" \/>\n<script type=\"application\/ld+json\" class=\"yoast-schema-graph\">{\"@context\":\"https:\\\/\\\/schema.org\",\"@graph\":[{\"@type\":\"WebPage\",\"@id\":\"https:\\\/\\\/incontextconsultancy.com\\\/what-we-do\\\/systemic-alignment\\\/\",\"url\":\"https:\\\/\\\/incontextconsultancy.com\\\/what-we-do\\\/systemic-alignment\\\/\",\"name\":\"Systemic Alignment &#062; InContext Consultancy Group\",\"isPartOf\":{\"@id\":\"https:\\\/\\\/incontextconsultancy.com\\\/#website\"},\"primaryImageOfPage\":{\"@id\":\"https:\\\/\\\/incontextconsultancy.com\\\/what-we-do\\\/systemic-alignment\\\/#primaryimage\"},\"image\":{\"@id\":\"https:\\\/\\\/incontextconsultancy.com\\\/what-we-do\\\/systemic-alignment\\\/#primaryimage\"},\"thumbnailUrl\":\"https:\\\/\\\/incontextconsultancy.com\\\/wp-content\\\/uploads\\\/2026\\\/02\\\/anton-shuvalov-9EUwYOG3MVQ-unsplash-scaled.jpg\",\"datePublished\":\"2026-02-20T14:09:09+00:00\",\"dateModified\":\"2026-02-24T09:24:11+00:00\",\"description\":\"Our game-based learning solutions provide participants with an in-depth and interactive learning experience. Discover our experts!\",\"breadcrumb\":{\"@id\":\"https:\\\/\\\/incontextconsultancy.com\\\/what-we-do\\\/systemic-alignment\\\/#breadcrumb\"},\"inLanguage\":\"nl-NL\",\"potentialAction\":[{\"@type\":\"ReadAction\",\"target\":[\"https:\\\/\\\/incontextconsultancy.com\\\/what-we-do\\\/systemic-alignment\\\/\"]}]},{\"@type\":\"ImageObject\",\"inLanguage\":\"nl-NL\",\"@id\":\"https:\\\/\\\/incontextconsultancy.com\\\/what-we-do\\\/systemic-alignment\\\/#primaryimage\",\"url\":\"https:\\\/\\\/incontextconsultancy.com\\\/wp-content\\\/uploads\\\/2026\\\/02\\\/anton-shuvalov-9EUwYOG3MVQ-unsplash-scaled.jpg\",\"contentUrl\":\"https:\\\/\\\/incontextconsultancy.com\\\/wp-content\\\/uploads\\\/2026\\\/02\\\/anton-shuvalov-9EUwYOG3MVQ-unsplash-scaled.jpg\",\"width\":2560,\"height\":1600},{\"@type\":\"BreadcrumbList\",\"@id\":\"https:\\\/\\\/incontextconsultancy.com\\\/what-we-do\\\/systemic-alignment\\\/#breadcrumb\",\"itemListElement\":[{\"@type\":\"ListItem\",\"position\":1,\"name\":\"Home\",\"item\":\"https:\\\/\\\/incontextconsultancy.com\\\/\"},{\"@type\":\"ListItem\",\"position\":2,\"name\":\"What We Do\",\"item\":\"https:\\\/\\\/incontextconsultancy.com\\\/what-we-do\\\/\"},{\"@type\":\"ListItem\",\"position\":3,\"name\":\"Systemic Alignment\"}]},{\"@type\":\"WebSite\",\"@id\":\"https:\\\/\\\/incontextconsultancy.com\\\/#website\",\"url\":\"https:\\\/\\\/incontextconsultancy.com\\\/\",\"name\":\"InContext Consultancy Group\",\"description\":\"\",\"publisher\":{\"@id\":\"https:\\\/\\\/incontextconsultancy.com\\\/#organization\"},\"potentialAction\":[{\"@type\":\"SearchAction\",\"target\":{\"@type\":\"EntryPoint\",\"urlTemplate\":\"https:\\\/\\\/incontextconsultancy.com\\\/?s={search_term_string}\"},\"query-input\":{\"@type\":\"PropertyValueSpecification\",\"valueRequired\":true,\"valueName\":\"search_term_string\"}}],\"inLanguage\":\"nl-NL\"},{\"@type\":\"Organization\",\"@id\":\"https:\\\/\\\/incontextconsultancy.com\\\/#organization\",\"name\":\"InContext Consultancy Group\",\"alternateName\":\"InContext Consultancy\",\"url\":\"https:\\\/\\\/incontextconsultancy.com\\\/\",\"logo\":{\"@type\":\"ImageObject\",\"inLanguage\":\"nl-NL\",\"@id\":\"https:\\\/\\\/incontextconsultancy.com\\\/#\\\/schema\\\/logo\\\/image\\\/\",\"url\":\"https:\\\/\\\/incontextconsultancy.comwp-content\\\/uploads\\\/2024\\\/09\\\/InContext-Logo-Transparent.png\",\"contentUrl\":\"https:\\\/\\\/incontextconsultancy.comwp-content\\\/uploads\\\/2024\\\/09\\\/InContext-Logo-Transparent.png\",\"width\":2008,\"height\":591,\"caption\":\"InContext Consultancy Group\"},\"image\":{\"@id\":\"https:\\\/\\\/incontextconsultancy.com\\\/#\\\/schema\\\/logo\\\/image\\\/\"},\"sameAs\":[\"https:\\\/\\\/www.facebook.com\\\/incontextconsultancy\",\"https:\\\/\\\/www.linkedin.com\\\/company\\\/incontext-consultancy-group\\\/\",\"https:\\\/\\\/www.youtube.com\\\/c\\\/incontext\\\/videos\"]}]}<\/script>\n<!-- \/ Yoast SEO plugin. -->","yoast_head_json":{"title":"Systeemafstemming &gt; InContext Consultancy Group","description":"Onze game-based leeroplossingen bieden deelnemers een diepgaande en interactieve leerervaring. Ontdek onze experts!","robots":{"index":"index","follow":"follow","max-snippet":"max-snippet:-1","max-image-preview":"max-image-preview:large","max-video-preview":"max-video-preview:-1"},"canonical":"https:\/\/incontextconsultancy.com\/nl\/wat-we-doen\/systemic-alignment\/","og_locale":"nl_NL","og_type":"article","og_title":"Systemic Alignment &#062; InContext Consultancy Group","og_description":"Our game-based learning solutions provide participants with an in-depth and interactive learning experience. Discover our experts!","og_url":"https:\/\/incontextconsultancy.com\/nl\/wat-we-doen\/systemic-alignment\/","og_site_name":"InContext Consultancy Group","article_publisher":"https:\/\/www.facebook.com\/incontextconsultancy","article_modified_time":"2026-02-24T09:24:11+00:00","og_image":[{"width":2560,"height":1600,"url":"https:\/\/incontextconsultancy.com\/wp-content\/uploads\/2026\/02\/anton-shuvalov-9EUwYOG3MVQ-unsplash-scaled.jpg","type":"image\/jpeg"}],"twitter_card":"summary_large_image","twitter_misc":{"Geschatte leestijd":"1 minuut"},"schema":{"@context":"https:\/\/schema.org","@graph":[{"@type":"WebPage","@id":"https:\/\/incontextconsultancy.com\/what-we-do\/systemic-alignment\/","url":"https:\/\/incontextconsultancy.com\/what-we-do\/systemic-alignment\/","name":"Systeemafstemming &gt; InContext Consultancy Group","isPartOf":{"@id":"https:\/\/incontextconsultancy.com\/#website"},"primaryImageOfPage":{"@id":"https:\/\/incontextconsultancy.com\/what-we-do\/systemic-alignment\/#primaryimage"},"image":{"@id":"https:\/\/incontextconsultancy.com\/what-we-do\/systemic-alignment\/#primaryimage"},"thumbnailUrl":"https:\/\/incontextconsultancy.com\/wp-content\/uploads\/2026\/02\/anton-shuvalov-9EUwYOG3MVQ-unsplash-scaled.jpg","datePublished":"2026-02-20T14:09:09+00:00","dateModified":"2026-02-24T09:24:11+00:00","description":"Onze game-based leeroplossingen bieden deelnemers een diepgaande en interactieve leerervaring. Ontdek onze experts!","breadcrumb":{"@id":"https:\/\/incontextconsultancy.com\/what-we-do\/systemic-alignment\/#breadcrumb"},"inLanguage":"nl-NL","potentialAction":[{"@type":"ReadAction","target":["https:\/\/incontextconsultancy.com\/what-we-do\/systemic-alignment\/"]}]},{"@type":"ImageObject","inLanguage":"nl-NL","@id":"https:\/\/incontextconsultancy.com\/what-we-do\/systemic-alignment\/#primaryimage","url":"https:\/\/incontextconsultancy.com\/wp-content\/uploads\/2026\/02\/anton-shuvalov-9EUwYOG3MVQ-unsplash-scaled.jpg","contentUrl":"https:\/\/incontextconsultancy.com\/wp-content\/uploads\/2026\/02\/anton-shuvalov-9EUwYOG3MVQ-unsplash-scaled.jpg","width":2560,"height":1600},{"@type":"BreadcrumbList","@id":"https:\/\/incontextconsultancy.com\/what-we-do\/systemic-alignment\/#breadcrumb","itemListElement":[{"@type":"ListItem","position":1,"name":"Home","item":"https:\/\/incontextconsultancy.com\/"},{"@type":"ListItem","position":2,"name":"What We Do","item":"https:\/\/incontextconsultancy.com\/what-we-do\/"},{"@type":"ListItem","position":3,"name":"Systemic Alignment"}]},{"@type":"WebSite","@id":"https:\/\/incontextconsultancy.com\/#website","url":"https:\/\/incontextconsultancy.com\/","name":"InContext Consultancy Group","description":"","publisher":{"@id":"https:\/\/incontextconsultancy.com\/#organization"},"potentialAction":[{"@type":"SearchAction","target":{"@type":"EntryPoint","urlTemplate":"https:\/\/incontextconsultancy.com\/?s={search_term_string}"},"query-input":{"@type":"PropertyValueSpecification","valueRequired":true,"valueName":"search_term_string"}}],"inLanguage":"nl-NL"},{"@type":"Organization","@id":"https:\/\/incontextconsultancy.com\/#organization","name":"InContext Consultancy Group","alternateName":"InContext Consultancy","url":"https:\/\/incontextconsultancy.com\/","logo":{"@type":"ImageObject","inLanguage":"nl-NL","@id":"https:\/\/incontextconsultancy.com\/#\/schema\/logo\/image\/","url":"https:\/\/incontextconsultancy.comwp-content\/uploads\/2024\/09\/InContext-Logo-Transparent.png","contentUrl":"https:\/\/incontextconsultancy.comwp-content\/uploads\/2024\/09\/InContext-Logo-Transparent.png","width":2008,"height":591,"caption":"InContext Consultancy Group"},"image":{"@id":"https:\/\/incontextconsultancy.com\/#\/schema\/logo\/image\/"},"sameAs":["https:\/\/www.facebook.com\/incontextconsultancy","https:\/\/www.linkedin.com\/company\/incontext-consultancy-group\/","https:\/\/www.youtube.com\/c\/incontext\/videos"]}]}},"_links":{"self":[{"href":"https:\/\/incontextconsultancy.com\/nl\/wp-json\/wp\/v2\/pages\/6345","targetHints":{"allow":["GET"]}}],"collection":[{"href":"https:\/\/incontextconsultancy.com\/nl\/wp-json\/wp\/v2\/pages"}],"about":[{"href":"https:\/\/incontextconsultancy.com\/nl\/wp-json\/wp\/v2\/types\/page"}],"author":[{"embeddable":true,"href":"https:\/\/incontextconsultancy.com\/nl\/wp-json\/wp\/v2\/users\/2"}],"replies":[{"embeddable":true,"href":"https:\/\/incontextconsultancy.com\/nl\/wp-json\/wp\/v2\/comments?post=6345"}],"version-history":[{"count":7,"href":"https:\/\/incontextconsultancy.com\/nl\/wp-json\/wp\/v2\/pages\/6345\/revisions"}],"predecessor-version":[{"id":6378,"href":"https:\/\/incontextconsultancy.com\/nl\/wp-json\/wp\/v2\/pages\/6345\/revisions\/6378"}],"up":[{"embeddable":true,"href":"https:\/\/incontextconsultancy.com\/nl\/wp-json\/wp\/v2\/pages\/6384"}],"wp:featuredmedia":[{"embeddable":true,"href":"https:\/\/incontextconsultancy.com\/nl\/wp-json\/wp\/v2\/media\/6372"}],"wp:attachment":[{"href":"https:\/\/incontextconsultancy.com\/nl\/wp-json\/wp\/v2\/media?parent=6345"}],"curies":[{"name":"wp","href":"https:\/\/api.w.org\/{rel}","templated":true}]}}