{"id":566,"date":"2024-08-19T11:49:31","date_gmt":"2024-08-19T11:49:31","guid":{"rendered":"https:\/\/incontextconsultancy.com?page_id=566"},"modified":"2025-02-25T13:59:33","modified_gmt":"2025-02-25T13:59:33","slug":"teamontwikkeling","status":"publish","type":"page","link":"https:\/\/incontextconsultancy.com\/nl\/expertise\/team-development\/","title":{"rendered":"Teamontwikkeling"},"content":{"rendered":"<section class=\"header\">\n\n\t<div class=\"img-box\"><img decoding=\"async\" src=\"https:\/\/incontextconsultancy.com\/wp-content\/uploads\/2024\/08\/q3.png\" alt=\"Teamontwikkeling\" loading=\"lazy\" \/><\/div>    <div class=\"grid-container\">\n        <div class=\"header-inner\" data-aos=\"fade-up\">\n\t\t\t        <div class=\"breadcrumbs\" typeof=\"Breadcrumblist\" vocab=\"https:\/\/schema.org\">\n\t\t\t<span property=\"itemListElement\" typeof=\"ListItem\"><a property=\"item\" typeof=\"WebPage\" title=\"Ga naar InContext Consultancy Group.\" href=\"https:\/\/incontextconsultancy.com\/nl\/\" class=\"home\" aria-current=\"page\"><span property=\"name\">InContext Consultancy Group<\/span><\/a><meta property=\"position\" content=\"1\"><\/span>        <\/div>\n\t\t<h1 >Teamontwikkeling<\/h1><p class=\"intro\">Het ontwikkelen van een sterk team is een weloverwogen proces dat verder gaat dan alleen het behalen van doelen. Bij InContext maken we gebruik van tientallen jaren ervaring en innovatieve methoden zoals serious gaming om teams te bouwen die vertrouwen, persoonlijke groei en effectieve samenwerking bevorderen.<\/p>            <div class=\"btn-container\">\n                        <a class=\"btn blue\" href=\"#build-successful-team\" target=\"_self\">\n\t\t\t<span>Bouw een succesvol team<\/span>\n        <\/a>\n\t\t        <a class=\"btn white outline\" href=\"#e-book-leadership\" target=\"_self\">\n\t\t\t<span>Download ons e-boek<\/span>\n        <\/a>\n\t\t            <\/div>\n        <\/div>\n    <\/div>\n<\/section>\n\n\n\n\n\n\n<section class=\"has-background text-only left\"  data-aos=\"fade-up\" data-aos-delay=\"100\">\n\t    <div class=\"grid-container\">\n\t\t        <div class=\"grid-x grid-margin-x grid-margin-y\">\n\t\t\t                <div class=\"cell large-offset-1 large-8\">\n                    <div class=\"text cta-block\">\n\t\t\t\t\t\t<h2 >Een succesvol team<\/h2><p>Het opbouwen van een succesvol team gebeurt niet per ongeluk - het vereist een zorgvuldige en doelbewuste aanpak. Met meer dan 30 jaar ervaring in het coachen en ontwikkelen van teams helpen we teams en hun leiders om een sterk, hecht team te cre\u00ebren. Onze focus gaat verder dan alleen het behalen van prestatiedoelen. We doorbreken barri\u00e8res tussen teamleden, pakken eventuele conflicten aan en cre\u00ebren een omgeving waarin teamleden zich kunnen ontwikkelen en plezier hebben in hun werk.<\/p>\n                        <div class=\"btn-container\">\n\t\t                                            <\/div>\n                    <\/div>\n                <\/div>\n\t\t\t\n\t\t\t        <\/div>\n\t\t    <\/div>\n<\/section>\n\n\n<section class=\"text-media full-screen right\" id=\"build-successful-team\">\n            <div class=\"grid-x\">\n            <div data-aos=\"fade-up\" data-aos-delay=\"100\" class=\"cell large-6 small-order-2\">\n                <div class=\"text\">\n\t\t\t\t\t<h2 >Het belang van een succesvol team<\/h2><p>Een team is meer dan een verzameling mensen die samenwerken. Bij InContext geloven we dat de sleutel tot gelukkige en productieve teams ligt in wederzijds vertrouwen, persoonlijk leiderschap en een focus op teamontwikkeling. Door de juiste dynamiek, stimuleren we effectieve samenwerking en verbeteren we de resultaten. Een succesvol team is een plek waar iedereen authentiek kan zijn, waar prestaties worden erkend en waar aandacht is voor zorgen en onzekerheden.<\/p>\n<p>Elk team is uniek. De behoeften en uitdagingen van elk team hangen af van de omgeving en de individuele teamleden. Wij erkennen deze verschillen en passen onze methoden aan om uw team te helpen het volledige potentieel te bereiken.<\/p>\n<p>Wij passen onze aanpak volledig aan op uw specifieke situatie, waarbij we rekening houden met de unieke behoeften en uitdagingen die voortkomen uit de omgeving en de individuele teamleden. We staan klaar om teams te ondersteunen bij het cre\u00ebren van een omgeving waar iedereen zichzelf kan zijn en waar persoonlijke groei en aandacht voor individuele zorgen centraal staan. Samen pakken we de uitdagingen aan en bevorderen we oprechte groei, zowel op individueel als op collectief niveau.<\/p>\n\n                    <div class=\"btn-container\">\n\t\t                        <a class=\"btn\" href=\"https:\/\/incontextconsultancy.com\/nl\/neem-contact-op-met\/\" target=\"_self\">\n\t\t\t<span>Bouw aan een succesvolle team<\/span>\n        <\/a>\n\t\t                    <\/div>\n\n                <\/div>\n            <\/div>\n            <div  data-aos=\"fade-up\"  class=\"cell small-order-1 large-6 large-order-2\">\n\t            \n                    <div class=\"img-box\">\n\t\t\t            <img decoding=\"async\" src=\"https:\/\/incontextconsultancy.com\/wp-content\/uploads\/2024\/08\/q6.png\" alt=\"Het belang van een succesvol team\" loading=\"lazy\" \/>\n\t\t\t                                <\/div>\n\t\t                        <\/div>\n        <\/div>\n\t<\/section>\n\n\n\n<section class=\"no-background text-only left\"  data-aos=\"fade-up\" data-aos-delay=\"100\">\n\t    <div class=\"grid-container\">\n\t\t        <div class=\"grid-x grid-margin-x grid-margin-y\">\n\t\t\t\n\t\t\t                <div class=\"cell  large-offset-1 large-8\">\n                    <div class=\"text text-block\">\n\t\t\t\t\t\t<h2 >Serious Gaming: krachtig en interactief in teamontwikkeling<\/h2><p>Serious gaming is een krachtig hulpmiddel voor teamontwikkeling. Het stelt medewerkers in staat om te experimenteren met nieuw gedrag en veranderingen te ervaren in een veilige, interactieve omgeving. Bij InContext gebruiken we geavanceerde tools zoals Team Flow Index, Quadrality en TeamUP om knelpunten te identificeren en teams te ondersteunen om het beste uit zichzelf te halen.<\/p>\n        <a class=\"btn\" href=\"\/nl\/expertise\/serieus-gamen\/\" target=\"_self\">\n\t\t\t<span>Onze serious games<\/span>\n        <\/a>\n\t\t\t\t\t\t\t\t                    <\/div>\n                <\/div>\n\t\t\t        <\/div>\n\t\t    <\/div>\n<\/section>\n\n\n<section class=\"links\" >\n    <div class=\"grid-container\">\n        <div class=\"grid-x grid-margin-x grid-margin-y\">\n            <div class=\"cell large-offset-1 large-10\">\n                <div class=\"links-container\">\n                    <div class=\"grid-x grid-margin-y grid-margin-x\">\n                        <div class=\"cell large-4\">\n\t\t\t                <h2 >Lees meer over Teamontwikkeling<\/h2>                        <\/div>\n                        <div class=\"cell large-7 large-offset-1\">\n\t\t\t                                                <div class=\"links-block\">\n\t\t\t\t\t                                                        <div class=\"link\">        <a class=\"btn-link\" href=\"\/nl\/expertise\/serieus-gamen\/\" target=\"_self\">\n\t\t\t<span>Serious gaming: effectief voor teamontwikkeling<\/span>\n        <\/a>\n\t\t<\/div>\n\t\t\t\t\t\t                                                        <div class=\"link\">        <a class=\"btn-link\" href=\"\/nl\/spel\/teamup\/\" target=\"_self\">\n\t\t\t<span>Bouw een sterker team met TeamUp<\/span>\n        <\/a>\n\t\t<\/div>\n\t\t\t\t\t\t                                                <\/div>\n\t\t\t                                        <\/div>\n                    <\/div>\n                <\/div>\n            <\/div>\n        <\/div>\n\n\n\n    <\/div>\n<\/section>\n\n\n<section class=\"whitepaper\" id=\"e-book-leadership\">\n    <div class=\"grid-container\">\n            <div class=\"grid-x\">\n                <div class=\"cell large-12\">\n                    <div class=\"whitepaper-container\">\n                        <div class=\"inner\">\n\t                        <span class=\"subtitle\">E-book<\/span><h2 >Ontwikkeling van leiderschap, samenwerking en vertrouwen in teams<\/h2>Wilt u meer weten over hoe u leiderschap, samenwerking en vertrouwen binnen uw team kunt ontwikkelen en versterken? Download hier ons gratis e-book met achtergrondinformatie en concrete tips!\r\n                            <div class=\"form\">\n\t\t\t\t                <script charset=\"utf-8\" type=\"text\/javascript\" src=\"\/\/js-eu1.hsforms.net\/forms\/embed\/v2.js\"><\/script>\r\n<script>\r\n  hbspt.forms.create({\r\n    region: \"eu1\",\r\n    portalId: \"139740586\",\r\n    formId: \"0dfe5af9-45ab-4b12-bd92-9b8884efcff7\"\r\n  });\r\n<\/script>                            <\/div>\n                        <\/div>\n\t\t                <div class=\"img-box\"><img decoding=\"async\" src=\"https:\/\/incontextconsultancy.com\/wp-content\/uploads\/2024\/09\/Whitepaper-Development-of-Leadership.png.webp\" alt=\"Ontwikkeling van leiderschap, samenwerking en vertrouwen in teams\" loading=\"lazy\" \/><\/div>                    <\/div>\n                <\/div>\n            <\/div>\n    <\/div>\n<\/section>","protected":false},"excerpt":{"rendered":"","protected":false},"author":2,"featured_media":0,"parent":154,"menu_order":0,"comment_status":"closed","ping_status":"closed","template":"","meta":{"_acf_changed":false,"content-type":"","footnotes":""},"class_list":["post-566","page","type-page","status-publish","hentry"],"acf":[],"yoast_head":"<!-- This site is optimized with the Yoast SEO plugin v27.4 - https:\/\/yoast.com\/product\/yoast-seo-wordpress\/ -->\n<title>Team Development | Taking your team further &#062; InContext Consultancy Group<\/title>\n<meta name=\"description\" content=\"Team development at InContext takes your team to the next level. \u2713 30+ years of experience \u2713 Always tailored to your needs. Read more!\" \/>\n<meta name=\"robots\" content=\"index, follow, max-snippet:-1, max-image-preview:large, max-video-preview:-1\" \/>\n<link rel=\"canonical\" href=\"https:\/\/incontextconsultancy.com\/nl\/expertise\/teamontwikkeling\/\" \/>\n<meta property=\"og:locale\" content=\"nl_NL\" \/>\n<meta property=\"og:type\" content=\"article\" \/>\n<meta property=\"og:title\" content=\"Team Development | Taking your team further &#062; InContext Consultancy Group\" \/>\n<meta property=\"og:description\" content=\"Team development at InContext takes your team to the next level. \u2713 30+ years of experience \u2713 Always tailored to your needs. Read more!\" \/>\n<meta property=\"og:url\" content=\"https:\/\/incontextconsultancy.com\/nl\/expertise\/teamontwikkeling\/\" \/>\n<meta property=\"og:site_name\" content=\"InContext Consultancy Group\" \/>\n<meta property=\"article:publisher\" content=\"https:\/\/www.facebook.com\/incontextconsultancy\" \/>\n<meta property=\"article:modified_time\" content=\"2025-02-25T13:59:33+00:00\" \/>\n<meta name=\"twitter:card\" content=\"summary_large_image\" \/>\n<script type=\"application\/ld+json\" class=\"yoast-schema-graph\">{\"@context\":\"https:\\\/\\\/schema.org\",\"@graph\":[{\"@type\":\"WebPage\",\"@id\":\"https:\\\/\\\/incontextconsultancy.com\\\/expertise\\\/team-development\\\/\",\"url\":\"https:\\\/\\\/incontextconsultancy.com\\\/expertise\\\/team-development\\\/\",\"name\":\"Team Development | Taking your team further &#062; InContext Consultancy Group\",\"isPartOf\":{\"@id\":\"https:\\\/\\\/incontextconsultancy.com\\\/#website\"},\"datePublished\":\"2024-08-19T11:49:31+00:00\",\"dateModified\":\"2025-02-25T13:59:33+00:00\",\"description\":\"Team development at InContext takes your team to the next level. \u2713 30+ years of experience \u2713 Always tailored to your needs. Read more!\",\"breadcrumb\":{\"@id\":\"https:\\\/\\\/incontextconsultancy.com\\\/expertise\\\/team-development\\\/#breadcrumb\"},\"inLanguage\":\"nl-NL\",\"potentialAction\":[{\"@type\":\"ReadAction\",\"target\":[\"https:\\\/\\\/incontextconsultancy.com\\\/expertise\\\/team-development\\\/\"]}]},{\"@type\":\"BreadcrumbList\",\"@id\":\"https:\\\/\\\/incontextconsultancy.com\\\/expertise\\\/team-development\\\/#breadcrumb\",\"itemListElement\":[{\"@type\":\"ListItem\",\"position\":1,\"name\":\"Home\",\"item\":\"https:\\\/\\\/incontextconsultancy.com\\\/\"},{\"@type\":\"ListItem\",\"position\":2,\"name\":\"Expertise\",\"item\":\"https:\\\/\\\/incontextconsultancy.com\\\/expertise\\\/\"},{\"@type\":\"ListItem\",\"position\":3,\"name\":\"Team Development\"}]},{\"@type\":\"WebSite\",\"@id\":\"https:\\\/\\\/incontextconsultancy.com\\\/#website\",\"url\":\"https:\\\/\\\/incontextconsultancy.com\\\/\",\"name\":\"InContext Consultancy Group\",\"description\":\"\",\"publisher\":{\"@id\":\"https:\\\/\\\/incontextconsultancy.com\\\/#organization\"},\"potentialAction\":[{\"@type\":\"SearchAction\",\"target\":{\"@type\":\"EntryPoint\",\"urlTemplate\":\"https:\\\/\\\/incontextconsultancy.com\\\/?s={search_term_string}\"},\"query-input\":{\"@type\":\"PropertyValueSpecification\",\"valueRequired\":true,\"valueName\":\"search_term_string\"}}],\"inLanguage\":\"nl-NL\"},{\"@type\":\"Organization\",\"@id\":\"https:\\\/\\\/incontextconsultancy.com\\\/#organization\",\"name\":\"InContext Consultancy Group\",\"alternateName\":\"InContext Consultancy\",\"url\":\"https:\\\/\\\/incontextconsultancy.com\\\/\",\"logo\":{\"@type\":\"ImageObject\",\"inLanguage\":\"nl-NL\",\"@id\":\"https:\\\/\\\/incontextconsultancy.com\\\/#\\\/schema\\\/logo\\\/image\\\/\",\"url\":\"https:\\\/\\\/incontextconsultancy.comwp-content\\\/uploads\\\/2024\\\/09\\\/InContext-Logo-Transparent.png\",\"contentUrl\":\"https:\\\/\\\/incontextconsultancy.comwp-content\\\/uploads\\\/2024\\\/09\\\/InContext-Logo-Transparent.png\",\"width\":2008,\"height\":591,\"caption\":\"InContext Consultancy Group\"},\"image\":{\"@id\":\"https:\\\/\\\/incontextconsultancy.com\\\/#\\\/schema\\\/logo\\\/image\\\/\"},\"sameAs\":[\"https:\\\/\\\/www.facebook.com\\\/incontextconsultancy\",\"https:\\\/\\\/www.linkedin.com\\\/company\\\/incontext-consultancy-group\\\/\",\"https:\\\/\\\/www.youtube.com\\\/c\\\/incontext\\\/videos\"]}]}<\/script>\n<!-- \/ Yoast SEO plugin. -->","yoast_head_json":{"title":"Teamontwikkeling | Je team verder brengen &gt; InContext Consultancy Group","description":"Teamontwikkeling bij InContext tilt je team naar een hoger niveau. \u2713 30+ jaar ervaring \u2713 Altijd op maat. Lees meer!","robots":{"index":"index","follow":"follow","max-snippet":"max-snippet:-1","max-image-preview":"max-image-preview:large","max-video-preview":"max-video-preview:-1"},"canonical":"https:\/\/incontextconsultancy.com\/nl\/expertise\/teamontwikkeling\/","og_locale":"nl_NL","og_type":"article","og_title":"Team Development | Taking your team further &#062; InContext Consultancy Group","og_description":"Team development at InContext takes your team to the next level. \u2713 30+ years of experience \u2713 Always tailored to your needs. Read more!","og_url":"https:\/\/incontextconsultancy.com\/nl\/expertise\/teamontwikkeling\/","og_site_name":"InContext Consultancy Group","article_publisher":"https:\/\/www.facebook.com\/incontextconsultancy","article_modified_time":"2025-02-25T13:59:33+00:00","twitter_card":"summary_large_image","schema":{"@context":"https:\/\/schema.org","@graph":[{"@type":"WebPage","@id":"https:\/\/incontextconsultancy.com\/expertise\/team-development\/","url":"https:\/\/incontextconsultancy.com\/expertise\/team-development\/","name":"Teamontwikkeling | Je team verder brengen &gt; InContext Consultancy Group","isPartOf":{"@id":"https:\/\/incontextconsultancy.com\/#website"},"datePublished":"2024-08-19T11:49:31+00:00","dateModified":"2025-02-25T13:59:33+00:00","description":"Teamontwikkeling bij InContext tilt je team naar een hoger niveau. \u2713 30+ jaar ervaring \u2713 Altijd op maat. Lees meer!","breadcrumb":{"@id":"https:\/\/incontextconsultancy.com\/expertise\/team-development\/#breadcrumb"},"inLanguage":"nl-NL","potentialAction":[{"@type":"ReadAction","target":["https:\/\/incontextconsultancy.com\/expertise\/team-development\/"]}]},{"@type":"BreadcrumbList","@id":"https:\/\/incontextconsultancy.com\/expertise\/team-development\/#breadcrumb","itemListElement":[{"@type":"ListItem","position":1,"name":"Home","item":"https:\/\/incontextconsultancy.com\/"},{"@type":"ListItem","position":2,"name":"Expertise","item":"https:\/\/incontextconsultancy.com\/expertise\/"},{"@type":"ListItem","position":3,"name":"Team Development"}]},{"@type":"WebSite","@id":"https:\/\/incontextconsultancy.com\/#website","url":"https:\/\/incontextconsultancy.com\/","name":"InContext Consultancy Group","description":"","publisher":{"@id":"https:\/\/incontextconsultancy.com\/#organization"},"potentialAction":[{"@type":"SearchAction","target":{"@type":"EntryPoint","urlTemplate":"https:\/\/incontextconsultancy.com\/?s={search_term_string}"},"query-input":{"@type":"PropertyValueSpecification","valueRequired":true,"valueName":"search_term_string"}}],"inLanguage":"nl-NL"},{"@type":"Organization","@id":"https:\/\/incontextconsultancy.com\/#organization","name":"InContext Consultancy Group","alternateName":"InContext Consultancy","url":"https:\/\/incontextconsultancy.com\/","logo":{"@type":"ImageObject","inLanguage":"nl-NL","@id":"https:\/\/incontextconsultancy.com\/#\/schema\/logo\/image\/","url":"https:\/\/incontextconsultancy.comwp-content\/uploads\/2024\/09\/InContext-Logo-Transparent.png","contentUrl":"https:\/\/incontextconsultancy.comwp-content\/uploads\/2024\/09\/InContext-Logo-Transparent.png","width":2008,"height":591,"caption":"InContext Consultancy Group"},"image":{"@id":"https:\/\/incontextconsultancy.com\/#\/schema\/logo\/image\/"},"sameAs":["https:\/\/www.facebook.com\/incontextconsultancy","https:\/\/www.linkedin.com\/company\/incontext-consultancy-group\/","https:\/\/www.youtube.com\/c\/incontext\/videos"]}]}},"_links":{"self":[{"href":"https:\/\/incontextconsultancy.com\/nl\/wp-json\/wp\/v2\/pages\/566","targetHints":{"allow":["GET"]}}],"collection":[{"href":"https:\/\/incontextconsultancy.com\/nl\/wp-json\/wp\/v2\/pages"}],"about":[{"href":"https:\/\/incontextconsultancy.com\/nl\/wp-json\/wp\/v2\/types\/page"}],"author":[{"embeddable":true,"href":"https:\/\/incontextconsultancy.com\/nl\/wp-json\/wp\/v2\/users\/2"}],"replies":[{"embeddable":true,"href":"https:\/\/incontextconsultancy.com\/nl\/wp-json\/wp\/v2\/comments?post=566"}],"version-history":[{"count":37,"href":"https:\/\/incontextconsultancy.com\/nl\/wp-json\/wp\/v2\/pages\/566\/revisions"}],"predecessor-version":[{"id":5960,"href":"https:\/\/incontextconsultancy.com\/nl\/wp-json\/wp\/v2\/pages\/566\/revisions\/5960"}],"up":[{"embeddable":true,"href":"https:\/\/incontextconsultancy.com\/nl\/wp-json\/wp\/v2\/pages\/154"}],"wp:attachment":[{"href":"https:\/\/incontextconsultancy.com\/nl\/wp-json\/wp\/v2\/media?parent=566"}],"curies":[{"name":"wp","href":"https:\/\/api.w.org\/{rel}","templated":true}]}}